{"id":3,"date":"2024-10-11T12:41:38","date_gmt":"2024-10-11T12:41:38","guid":{"rendered":"https:\/\/digi4doc.it\/?page_id=3"},"modified":"2025-01-20T16:10:45","modified_gmt":"2025-01-20T16:10:45","slug":"privacy-policy","status":"publish","type":"page","link":"https:\/\/digi4doc.it\/privacy-policy\/","title":{"rendered":"Privacy Policy"},"content":{"rendered":"\t\t<div data-elementor-type=\"wp-page\" data-elementor-id=\"3\" class=\"elementor elementor-3\" data-elementor-post-type=\"page\">\n\t\t\t\t<div class=\"elementor-element elementor-element-58882abd e-flex e-con-boxed e-con e-parent\" data-id=\"58882abd\" data-element_type=\"container\" data-e-type=\"container\">\n\t\t\t\t\t<div class=\"e-con-inner\">\n\t\t\t\t<div class=\"elementor-element elementor-element-2d26f120 elementor-widget elementor-widget-heading\" data-id=\"2d26f120\" data-element_type=\"widget\" data-e-type=\"widget\" data-widget_type=\"heading.default\">\n\t\t\t\t<div class=\"elementor-widget-container\">\n\t\t\t\t\t<h4 class=\"elementor-heading-title elementor-size-default\">Privacy Policy, Cookie e Corporate Social Responsibility<\/h4>\t\t\t\t<\/div>\n\t\t\t\t<\/div>\n\t\t\t\t<div class=\"elementor-element elementor-element-78e5460c elementor-widget-divider--view-line elementor-widget elementor-widget-divider\" data-id=\"78e5460c\" data-element_type=\"widget\" data-e-type=\"widget\" data-widget_type=\"divider.default\">\n\t\t\t\t<div class=\"elementor-widget-container\">\n\t\t\t\t\t\t\t<div class=\"elementor-divider\">\n\t\t\t<span class=\"elementor-divider-separator\">\n\t\t\t\t\t\t<\/span>\n\t\t<\/div>\n\t\t\t\t\t\t<\/div>\n\t\t\t\t<\/div>\n\t\t\t\t<div class=\"elementor-element elementor-element-298c1529 elementor-widget elementor-widget-text-editor\" data-id=\"298c1529\" data-element_type=\"widget\" data-e-type=\"widget\" data-widget_type=\"text-editor.default\">\n\t\t\t\t<div class=\"elementor-widget-container\">\n\t\t\t\t\t\t\t\t\t<div class=\"elementor-element elementor-element-ccee72c elementor-widget elementor-widget-text-editor\" data-id=\"ccee72c\" data-element_type=\"widget\" data-widget_type=\"text-editor.default\">\n<div class=\"elementor-widget-container\">\n<h6>PRIVACY POLICY<\/h6>\n<div>\n<p><b>Informative ex art. 13 d. lgs. 196\/2003 ed ex art. 13 REGOLAMENTO UE 2016\/679 per il trattamento di dati personali<\/b><\/p>\n<\/div>\n<div>\n<p>DIGI4DOC srl con sede legale in Roma (RM), viale Gorizia, 25\/C \u2013 00198 Roma P. I.\/C.F. 17784441002, (di seguito, \u201c<b>Titolare<\/b>\u201c), proprietario del sito internet <a href=\"https:\/\/www.digi-one.eu\/\" rel=\"noopener noreferrer\">https:\/\/www.digi4doc.it<\/a> (di seguito, il \u201c<b>Sito<\/b>\u201c), in qualit\u00e0 di titolare del trattamento dei dati personali dei Clienti, dei Fornitori e degli Utenti che navigano fornisce qui di seguito le informative privacy ai sensi dell\u2019art. 13 del D.Lgs. 196\/2003) e ai sensi dell\u2019art. 13 del Regolamento UE 2016\/679 del 27 aprile 2016.<\/p>\n<\/div>\n<\/div>\n<\/div>\t\t\t\t\t\t\t\t<\/div>\n\t\t\t\t<\/div>\n\t\t\t\t<div class=\"elementor-element elementor-element-e682f24 elementor-widget elementor-widget-text-editor\" data-id=\"e682f24\" data-element_type=\"widget\" data-e-type=\"widget\" data-widget_type=\"text-editor.default\">\n\t\t\t\t<div class=\"elementor-widget-container\">\n\t\t\t\t\t\t\t\t\t<div class=\"elementor-element elementor-element-ccee72c elementor-widget elementor-widget-text-editor\" data-id=\"ccee72c\" data-element_type=\"widget\" data-widget_type=\"text-editor.default\">\n<div class=\"elementor-widget-container\">\n<p><strong>Finalit\u00e0 del trattamento dei dati degli Utenti che navigano il sito<\/strong><\/p>\n<div>\n<p>I dati personali forniti saranno trattati dalla societ\u00e0 DIGI4DOC Srl esclusivamente per una corretta fruizione e gestione del sito stesso.<\/p>\n<\/div>\n<\/div>\n<\/div>\t\t\t\t\t\t\t\t<\/div>\n\t\t\t\t<\/div>\n\t\t\t\t<div class=\"elementor-element elementor-element-224ba9f elementor-widget elementor-widget-text-editor\" data-id=\"224ba9f\" data-element_type=\"widget\" data-e-type=\"widget\" data-widget_type=\"text-editor.default\">\n\t\t\t\t<div class=\"elementor-widget-container\">\n\t\t\t\t\t\t\t\t\t<div class=\"elementor-element elementor-element-ccee72c elementor-widget elementor-widget-text-editor\" data-id=\"ccee72c\" data-element_type=\"widget\" data-widget_type=\"text-editor.default\">\n<div class=\"elementor-widget-container\">\n<p><strong>Finalit\u00e0 del trattamento<\/strong><\/p>\n<div>\n<p>I dati personali da Voi forniti saranno trattati dalla societ\u00e0 DIGI4DOC Srl per le seguenti finalit\u00e0:<\/p>\n<ul>\n<li>Fruizione della navigazione nel sito, dei servizi offerti dallo stesso e la sua corretta gestione;<\/li>\n<li>Evasione corretta della Sua richiesta d\u2019informazioni tramite il Modulo Contatti.<\/li>\n<\/ul>\n<\/div>\n<\/div>\n<\/div>\t\t\t\t\t\t\t\t<\/div>\n\t\t\t\t<\/div>\n\t\t\t\t<div class=\"elementor-element elementor-element-d7ea2aa elementor-widget elementor-widget-text-editor\" data-id=\"d7ea2aa\" data-element_type=\"widget\" data-e-type=\"widget\" data-widget_type=\"text-editor.default\">\n\t\t\t\t<div class=\"elementor-widget-container\">\n\t\t\t\t\t\t\t\t\t<div class=\"elementor-element elementor-element-ccee72c elementor-widget elementor-widget-text-editor\" data-id=\"ccee72c\" data-element_type=\"widget\" data-widget_type=\"text-editor.default\">\n<div class=\"elementor-widget-container\">\n<p><strong>Modalit\u00e0 del trattamento<\/strong><\/p>\n<div>Il trattamento dei dati potr\u00e0 essere effettuato con mezzi cartacei, informatici e telematici, anche attraverso la rete Internet. Con riferimento ai dati di navigazione, i sistemi informatici e le procedure software preposte al funzionamento di questo sito acquisiscono, nel corso del loro normale esercizio, alcuni dati personali la cui trasmissione \u00e8 implicita nell\u2019uso dei protocolli di comunicazione di internet. Si tratta di informazioni che non sono raccolte per essere associate a interessati identificati, ma che per loro stessa natura potrebbero, attraverso elaborazioni ed associazioni con dati detenuti da terzi, permettere di identificare gli utenti. In questa categoria di dati rientrano gli indirizzi IP o i nomi a dominio dei computer utilizzati dagli utenti che si connettono al sito, gli indirizzi in notazione URI (Uniform Resource Identifier) delle risorse richieste, l\u2019orario della richiesta, il metodo utilizzato nel sottoporre la richiesta al server ed altri parametri relativi al sistema operativo e all\u2019ambiente informatico dell\u2019utente.<\/div>\n<\/div>\n<\/div>\t\t\t\t\t\t\t\t<\/div>\n\t\t\t\t<\/div>\n\t\t\t\t<div class=\"elementor-element elementor-element-67d9c32 elementor-widget elementor-widget-text-editor\" data-id=\"67d9c32\" data-element_type=\"widget\" data-e-type=\"widget\" data-widget_type=\"text-editor.default\">\n\t\t\t\t<div class=\"elementor-widget-container\">\n\t\t\t\t\t\t\t\t\t<div class=\"elementor-element elementor-element-ccee72c elementor-widget elementor-widget-text-editor\" data-id=\"ccee72c\" data-element_type=\"widget\" data-widget_type=\"text-editor.default\">\n<div class=\"elementor-widget-container\">\n<p><strong>Base giuridica del trattamento dei dati<\/strong><\/p>\n<div>Con riferimento alle finalit\u00e0 di cui ai punti (1.a, 1.b) del paragrafo 1, la base giuridica del trattamento \u00e8 infatti l\u2019esecuzione dei servizi forniti attraverso il Sito e da Lei richiesti (ai sensi dell\u2019articolo 6, comma 1, lett. b del Regolamento Privacy 2016\/679); la base giuridica del trattamento \u00e8 il Suo eventuale consenso espresso liberamente (ai sensi dell\u2019articolo 6, comma 1, lett. a del Regolamento Privacy 2016\/679); con riferimento alla finalit\u00e0 richieste, la base giuridica del trattamento \u00e8 di adempiere un obbligo legale al quale \u00e8 soggetto il titolare del trattamento (ai sensi dell\u2019articolo 6, comma 1, lett. c del Regolamento Privacy 2016\/679).<\/div>\n<\/div>\n<\/div>\t\t\t\t\t\t\t\t<\/div>\n\t\t\t\t<\/div>\n\t\t\t\t<div class=\"elementor-element elementor-element-90388ec elementor-widget elementor-widget-text-editor\" data-id=\"90388ec\" data-element_type=\"widget\" data-e-type=\"widget\" data-widget_type=\"text-editor.default\">\n\t\t\t\t<div class=\"elementor-widget-container\">\n\t\t\t\t\t\t\t\t\t<div class=\"elementor-element elementor-element-ccee72c elementor-widget elementor-widget-text-editor\" data-id=\"ccee72c\" data-element_type=\"widget\" data-widget_type=\"text-editor.default\">\n<div class=\"elementor-widget-container\">\n<p><strong>Diritti degli Utenti<\/strong><\/p>\n<div>\n<p>Gli Utenti potranno esercitare i diritti garantiti loro dalla Normativa Applicabile, contattando il Titolare con le seguenti modalit\u00e0:<\/p>\n<ul>\n<li>Inviando una raccomandata a\/r alla sede legale del Titolare;<\/li>\n<li>Inviando un messaggio di posta elettronica all\u2019indirizzo info@digi4doc.it.<\/li>\n<\/ul>\n<p>Ai sensi della Normativa Applicabile, il Titolare informa che gli Utenti hanno il diritto di ottenere l\u2019indicazione (i) dell\u2019origine dei dati personali; (ii) delle finalit\u00e0 e modalit\u00e0 del trattamento; (iii) della logica applicata in caso di trattamento effettuato con l\u2019ausilio di strumenti elettronici; (iv) degli estremi identificativi del titolare e dei responsabili; (v) dei soggetti o delle categorie di soggetti ai quali i dati personali possono essere comunicati o che possono venirne a conoscenza in qualit\u00e0 di responsabili o incaricati. Inoltre, gli Utenti hanno il diritto di ottenere:<\/p>\n<ul>\n<li>l\u2019accesso, l\u2019aggiornamento, la rettificazione ovvero, quando vi hanno interesse, l\u2019integrazione dei dati;<\/li>\n<li>la cancellazione, la trasformazione in forma anonima o il blocco dei dati trattati in violazione di legge, compresi quelli di cui non \u00e8 necessaria la conservazione in relazione agli scopi per i quali i dati sono stati raccolti o successivamente trattati.<\/li>\n<\/ul>\n<p>Inoltre, gli Utenti hanno:<\/p>\n<ul>\n<li>il diritto di revocare il consenso in qualsiasi momento, qualora il trattamento si basi sul loro consenso;<\/li>\n<li>il diritto di opporsi in tutto o in parte, per motivi legittimi al trattamento dei dati personali che li riguardano, ancorch\u00e8 pertinenti allo scopo della raccolta;<\/li>\n<li>in tutto o in parte, al trattamento di dati personali che li riguardano a fini di invio di materiale pubblicitario o di vendita diretta o per il compimento di ricerche di mercato o di comunicazione commerciale.<\/li>\n<\/ul>\n<p>L\u2019Autorit\u00e0 di controllo italiana \u00e8 il Garante per la protezione dei dati personali, con sede in Piazza di Monte Citorio n. 121, 00186 \u2013 Roma (http:\/\/www.garanteprivacy.it\/).<\/p>\n<\/div>\n<\/div>\n<\/div>\t\t\t\t\t\t\t\t<\/div>\n\t\t\t\t<\/div>\n\t\t\t\t<div class=\"elementor-element elementor-element-bf7e3a0 elementor-widget elementor-widget-text-editor\" data-id=\"bf7e3a0\" data-element_type=\"widget\" data-e-type=\"widget\" data-widget_type=\"text-editor.default\">\n\t\t\t\t<div class=\"elementor-widget-container\">\n\t\t\t\t\t\t\t\t\t<div class=\"elementor-element elementor-element-ccee72c elementor-widget elementor-widget-text-editor\" data-id=\"ccee72c\" data-element_type=\"widget\" data-widget_type=\"text-editor.default\">\n<div class=\"elementor-widget-container\">\n<h6>COOKIE POLICY<\/h6>\n<div>\n<p><b>Che cos\u2019\u00e8 un cookie e a cosa serve?<\/b><\/p>\n<\/div>\n<div>\n<p>Un cookie \u00e8 un file di piccole dimensioni che viene inviato al browser e salvato sul dispositivo dell\u2019utente, quando accede e utilizza il sito web https:\/\/www.digi4doc.it\/ di seguito, anche solo (\u201cSito\u201d). I cookie permettono un funzionamento efficiente del Sito e ne migliorano le prestazioni, anche mediante la raccolta e l\u2019analisi di informazioni aggregate, che consentono al gestore del Sito di comprendere come migliorare la struttura del Sito e delle sue sezioni. Mediante i cookie, inoltre, \u00e8 possibile raccogliere informazioni per fini statistici, principalmente per personalizzare l\u2019esperienza di navigazione dell\u2019utente, ricordando le sue preferenze (per esempio, la lingua, la valuta etc.).<br \/>Per garantire il buon funzionamento del Sito e la corretta visualizzazione delle pagine, sono utilizzati script in domini esterni, che non comportano, in ogni caso, l\u2019installazione di cookie, n\u00e9 di altri strumenti tracciamento.<\/p>\n<\/div>\n<\/div>\n<\/div>\t\t\t\t\t\t\t\t<\/div>\n\t\t\t\t<\/div>\n\t\t\t\t<div class=\"elementor-element elementor-element-176ac6f elementor-widget elementor-widget-text-editor\" data-id=\"176ac6f\" data-element_type=\"widget\" data-e-type=\"widget\" data-widget_type=\"text-editor.default\">\n\t\t\t\t<div class=\"elementor-widget-container\">\n\t\t\t\t\t\t\t\t\t<div class=\"elementor-element elementor-element-ccee72c elementor-widget elementor-widget-text-editor\" data-id=\"ccee72c\" data-element_type=\"widget\" data-widget_type=\"text-editor.default\">\n<div class=\"elementor-widget-container\">\n<p><strong>Quali cookie utilizziamo?<\/strong><\/p>\n<div>\n<p><strong>Cookie tecnici<\/strong>. I cookie tecnici possono essere suddivisi in cookie di navigazione o di sessione, che garantiscono la normale navigazione e fruizione del Sito (permettendo, ad esempio, di coordinare i moduli che compongono le pagine del Sito o correlare le pagine visitate alla medesima sessione di lavoro) e cookie analytics, assimilabili ai cookie tecnici soltanto se utilizzati a fini di ottimizzazione del Sito direttamente dal gestore del Sito stesso (c.d. cookie analitici di prima parte) che potr\u00e0 raccogliere informazioni in forma aggregata sul numero degli utenti e su come questi visitano il Sito (ad esempio, per realizzare statistiche delle pagine pi\u00f9 visitate, per raccogliere i dati aggregati delle visite per sistema operativo, per browser, etc.).<br \/>L\u2019uso dei cookie di sessione \u00e8 strettamente limitato alla trasmissione di identificativi di sessione (costituiti da numeri casuali generati dal server) e di dati di utilizzo del software necessari per consentire l\u2019esplorazione sicura ed efficiente del sito: le variabili (c.d. cookie) di sessione possono evitare il ricorso a tecniche informatiche potenzialmente pregiudizievoli per la riservatezza della navigazione degli utenti e non consentono l\u2019acquisizione di dati personali identificativi dell\u2019utente. I cookie di sessione non vengono memorizzati in modo persistente sul dispositivo dell\u2019utente, ma vengono registrati localmente per periodi di tempo stabiliti in funzione delle variabili di sessione (i cui valori memorizzati sul disco fisso del dispositivo possono comunque essere cancellati; \u00e8 inoltre possibile disabilitare i cookie seguendo le indicazioni fornite dai principali browser).<br \/>Non viene fatto uso di cookie per la profilazione degli utenti, n\u00e9 vengono impiegati altri metodi di tracciamento.<\/p>\n<p><strong>Analisi dei dati tramite Google Analytics<\/strong>. Il Sito utilizza lo strumento Google Analytics. Si tratta di uno strumento di analisi di Google che attraverso l\u2019uso di cookie (performance cookie), raccoglie dati di navigazione anonimi allo scopo di esaminare l\u2019uso del Sito da parte degli utenti, compilare report sulle attivit\u00e0 nel Sito e fornire altre informazioni, compreso il numero dei visitatori e le pagine visitate.<br \/>Il Sito non utilizza (e non consente a terzi di utilizzare) lo strumento di analisi di Google per monitorare o per raccogliere informazioni personali di identificazione. Google non associa l\u2019indirizzo IP a nessun altro dato posseduto da Google n\u00e9 cerca di collegare un indirizzo IP con l\u2019identit\u00e0 di un utente. Google pu\u00f2 anche comunicare queste informazioni a terzi ove ci\u00f2 sia imposto dalla legge o laddove tali terzi trattino le suddette informazioni per conto di Google. Per avere maggiori informazioni sulle modalit\u00e0 di utilizzo e sulla gestione dei cookie associati a Google Analytics \u00e8 possibile consultare la policy sui cookie di Google al seguente link: <a href=\"https:\/\/policies.google.com\">https:\/\/policies.google.com<\/a><\/p>\n<\/div>\n<\/div>\n<\/div>\t\t\t\t\t\t\t\t<\/div>\n\t\t\t\t<\/div>\n\t\t\t\t<div class=\"elementor-element elementor-element-bd6c289 elementor-widget elementor-widget-text-editor\" data-id=\"bd6c289\" data-element_type=\"widget\" data-e-type=\"widget\" data-widget_type=\"text-editor.default\">\n\t\t\t\t<div class=\"elementor-widget-container\">\n\t\t\t\t\t\t\t\t\t<div class=\"elementor-element elementor-element-ccee72c elementor-widget elementor-widget-text-editor\" data-id=\"ccee72c\" data-element_type=\"widget\" data-widget_type=\"text-editor.default\">\n<div class=\"elementor-widget-container\">\n<p><strong>Cookie di terze parti<\/strong><\/p>\n<div>I cookie di terza parte vengono impostati da un sito web diverso da quello che l\u2019utente sta visitando e risiedono su server diversi da quello del sito visitato. Pertanto, l\u2019utilizzo dei dati raccolti da questi operatori esterni tramite cookie \u00e8 sottoposto alle rispettive politiche sulla privacy. L\u2019uso dei cookie di terza parte \u00e8 limitato a quanto necessario per la navigazione sicura ed efficiente del Sito e non comporta l\u2019acquisizione diretta da parte del Titolare del trattamento di dati personali identificativi dell\u2019utente.<br \/>Nel corso della navigazione sul Sito l\u2019utente pu\u00f2 ricevere sul suo dispositivo anche cookie che vengono inviati per interagire direttamente con le piattaforme social.<br \/>Il Sito incorpora pulsanti e widget di:<br \/>\u2013 LinkedIn;<br \/>\u2013 YouTube;<br \/>\u2013 Eventuali altri.<br \/>Questi servizi permettono di effettuare interazioni con i social network, o con altre piattaforme esterne, direttamente dalle pagine del Sito.<br \/>I cookies di tracciamento, in particolare, per ci\u00f2 che riguarda Linkedin verranno usati esclusivamente per individuare il comportamento online. La rivelazione avviene in forma aggregata ed anonima, al fine di monitorare le prestazioni e la fruibilit\u00e0 del sito ed orientare in modo adeguato e mirato i servizi a favore degli utenti. Per ci\u00f2 che riguarda YouTube i cookies vengono utilizzati per render migliore la qualit\u00e0 dei video all\u2019utente in funzione della banda o per gestire le preferenze video.<br \/>Il Sito non utilizza, in alcun modo, tale strumento per raccogliere dati personali di identificazione e non associa alcun indirizzo IP a nessun altro dato posseduto da Linkedin.<br \/>Le interazioni e le informazioni acquisite tramite questi strumenti sono, in ogni caso, soggette alle impostazioni privacy dell\u2019utente relative ad ogni social network, e accessibili esclusivamente ai gestori delle stesse piattaforme.<br \/>Per maggiori informazioni sulle modalit\u00e0 di trattamento dei dati raccolti dai social network, si rimanda alle privacy policy dei fornitori dei medesimi servizi. <a href=\"https:\/\/www.linkedin.com\/legal\/privacy-policy?trk=hb_ft_priv\">LinkedIn<\/a> \u2013 <a href=\"https:\/\/policies.google.com\/technologies\/cookies?utm_source=ucbs&amp;hl=it\">YouTube<\/a>.<br \/>Alcune pagine del sito incorporano al loro interno le mappe di Google Maps. Quando visiti una pagina contenente le mappe di Google Maps, o interagisci con la mappa (attraverso la funzione zoom, o cliccando sulla stessa per ingrandirla) potrebbero essere richiamati cookie provenienti da Google.<br \/>Per maggiori informazioni sulla raccolta dei dati tramite i servizi di Google si rinvia alla privacy policy <a href=\"https:\/\/policies.google.com\">https:\/\/policies.google.com<\/a>.<br \/>L\u2019utilizzo del servizio Google Maps \u00e8 soggetto, inoltre, ai relativi Termini di servizio aggiuntivi <a href=\"https:\/\/policies.google.com\">https:\/\/privacy.google.com<\/a>.<\/div>\n<\/div>\n<\/div>\t\t\t\t\t\t\t\t<\/div>\n\t\t\t\t<\/div>\n\t\t\t\t<div class=\"elementor-element elementor-element-f537c0e elementor-widget elementor-widget-text-editor\" data-id=\"f537c0e\" data-element_type=\"widget\" data-e-type=\"widget\" data-widget_type=\"text-editor.default\">\n\t\t\t\t<div class=\"elementor-widget-container\">\n\t\t\t\t\t\t\t\t\t<div class=\"elementor-element elementor-element-ccee72c elementor-widget elementor-widget-text-editor\" data-id=\"ccee72c\" data-element_type=\"widget\" data-widget_type=\"text-editor.default\">\n<div class=\"elementor-widget-container\">\n<p><strong>Come posso disabilitare i cookie?<\/strong><\/p>\n<div>La maggior parte dei browser \u00e8 configurata per accettare, controllare o eventualmente disabilitare i cookie attraverso le impostazioni. Si ricorda, per\u00f2, che la disabilitazione, anche parziale, dei cookie tecnici potrebbe compromettere il funzionamento del Sito e\/o limitarne le funzionalit\u00e0. La disabilitazione dei cookie di terza parte, invece, non pregiudica in alcun modo la navigabilit\u00e0.<br \/>Si indicano, di seguito, i link alle istruzioni fornite dai principali browser di navigazione per la gestione delle impostazioni sull\u2019installazione dei cookie:<br \/>Chrome: <a href=\"https:\/\/support.google.com\">https:\/\/support.google.com<\/a><br \/>Firefox: <a href=\"https:\/\/support.mozilla.org\">https:\/\/support.mozilla.org<\/a><br \/>Internet Explorer: <a href=\"https:\/\/support.microsoft.com\">https:\/\/support.microsoft.com<\/a><br \/>Opera: <a href=\"http:\/\/help.opera.com\">http:\/\/help.opera.com<\/a><br \/>Safari: <a href=\"http:\/\/support.apple.com\">http:\/\/support.apple.com<\/a><\/div>\n<\/div>\n<\/div>\t\t\t\t\t\t\t\t<\/div>\n\t\t\t\t<\/div>\n\t\t\t\t<div class=\"elementor-element elementor-element-5d806f9 elementor-widget elementor-widget-text-editor\" data-id=\"5d806f9\" data-element_type=\"widget\" data-e-type=\"widget\" data-widget_type=\"text-editor.default\">\n\t\t\t\t<div class=\"elementor-widget-container\">\n\t\t\t\t\t\t\t\t\t<div class=\"elementor-element elementor-element-ccee72c elementor-widget elementor-widget-text-editor\" data-id=\"ccee72c\" data-element_type=\"widget\" data-widget_type=\"text-editor.default\">\n<div class=\"elementor-widget-container\">\n<div>Cookie Policy aggiornate a Gennaio 2022.<\/div>\n<\/div>\n<\/div>\t\t\t\t\t\t\t\t<\/div>\n\t\t\t\t<\/div>\n\t\t\t\t<div class=\"elementor-element elementor-element-ef9a336 elementor-widget elementor-widget-text-editor\" data-id=\"ef9a336\" data-element_type=\"widget\" data-e-type=\"widget\" data-widget_type=\"text-editor.default\">\n\t\t\t\t<div class=\"elementor-widget-container\">\n\t\t\t\t\t\t\t\t\t<div class=\"elementor-element elementor-element-ccee72c elementor-widget elementor-widget-text-editor\" data-id=\"ccee72c\" data-element_type=\"widget\" data-widget_type=\"text-editor.default\">\n<div class=\"elementor-widget-container\">\n<h6>CORPORATE SOCIAL RESPONSIBILITY<\/h6>\n<div>\n<p>DIGI4DOC persegue alti standard di responsabilit\u00e0 aziendale supportando e responsabilizzando i dipendenti, lavorando con i clienti e collaborando con i fornitori.<br \/>DIGI4DOC si impegna a rispettare i principi di etica aziendale e condotta legale. I dipendenti e i collaboratori devono attenersi ai principi di rispetto delle regole comportamentali, di trasparenza dell\u2019agire organizzativo, di prevenzione dei rischi, di salvaguardia dell\u2019ambiente, nonch\u00e9 la centralit\u00e0 della persona, che costituiscono per DIGI4DOC condizione imprescindibile per il conseguimento delle proprie attivit\u00e0 di business.<\/p>\n<\/div>\n<\/div>\n<\/div>\t\t\t\t\t\t\t\t<\/div>\n\t\t\t\t<\/div>\n\t\t\t\t<div class=\"elementor-element elementor-element-00d3f84 elementor-widget elementor-widget-text-editor\" data-id=\"00d3f84\" data-element_type=\"widget\" data-e-type=\"widget\" data-widget_type=\"text-editor.default\">\n\t\t\t\t<div class=\"elementor-widget-container\">\n\t\t\t\t\t\t\t\t\t<div class=\"elementor-element elementor-element-ccee72c elementor-widget elementor-widget-text-editor\" data-id=\"ccee72c\" data-element_type=\"widget\" data-widget_type=\"text-editor.default\">\n<div class=\"elementor-widget-container\">\n<p><strong>Linee Guida di Condotta Etica<\/strong><\/p>\n<ul>\n<li>Trasparenza. DIGI4DOC informa in modo chiaro, esaustivo, trasparente e nel rispetto delle norme in tema di prevenzione della corruzione, i propri interlocutori in ordine alle attivit\u00e0 di propria competenza.<\/li>\n<li>Integrit\u00e0 e correttezza. DIGI4DOC nell\u2019ambito delle proprie attivit\u00e0 instaura con i propri interlocutori rapporti improntati alla lealt\u00e0, onest\u00e0, correttezza e reciproca collaborazione.<\/li>\n<li>Responsabilit\u00e0. DIGI4DOC opera quotidianamente tenendo conto di valori e di principi etici assumendo ogni responsabilit\u00e0 in ordine agli obiettivi da raggiungere ed alle modalit\u00e0 per perseguirli.<\/li>\n<li>Sostenibilit\u00e0 ambientale. DIGI4DOC sostiene modelli di vita ecocompatibili, promuove la cultura del risparmio energetico e diffonde valori che sostengono l\u2019importanza delle risorse naturali e della loro salvaguardia.<\/li>\n<li>Destinatari. I destinatari delle presenti Linee Guida sono: il personale DIGI4DOC a prescindere dalla tipologia di rapporto contrattuale. Sono destinatari anche i consulenti esterni nonch\u00e9 i fornitori di beni e servizi e tutti coloro che svolgono attivit\u00e0 per conto di DIGI4DOC.<\/li>\n<\/ul>\n<\/div>\n<\/div>\t\t\t\t\t\t\t\t<\/div>\n\t\t\t\t<\/div>\n\t\t\t\t\t<\/div>\n\t\t\t\t<\/div>\n\t\t<div class=\"elementor-element elementor-element-a5b489b e-con-full e-flex e-con e-parent\" data-id=\"a5b489b\" data-element_type=\"container\" data-e-type=\"container\" data-settings=\"{&quot;background_background&quot;:&quot;classic&quot;}\">\n\t\t\t\t<\/div>\n\t\t\t\t<\/div>\n\t\t","protected":false},"excerpt":{"rendered":"<p>Privacy Policy, Cookie e Corporate Social Responsibility PRIVACY POLICY Informative ex art. 13 d. lgs. 196\/2003 ed ex art. 13&#8230;<\/p>\n","protected":false},"author":1,"featured_media":0,"parent":0,"menu_order":0,"comment_status":"closed","ping_status":"open","template":"elementor_header_footer","meta":{"footnotes":""},"class_list":["post-3","page","type-page","status-publish","hentry"],"_links":{"self":[{"href":"https:\/\/digi4doc.it\/wp-json\/wp\/v2\/pages\/3","targetHints":{"allow":["GET"]}}],"collection":[{"href":"https:\/\/digi4doc.it\/wp-json\/wp\/v2\/pages"}],"about":[{"href":"https:\/\/digi4doc.it\/wp-json\/wp\/v2\/types\/page"}],"author":[{"embeddable":true,"href":"https:\/\/digi4doc.it\/wp-json\/wp\/v2\/users\/1"}],"replies":[{"embeddable":true,"href":"https:\/\/digi4doc.it\/wp-json\/wp\/v2\/comments?post=3"}],"version-history":[{"count":42,"href":"https:\/\/digi4doc.it\/wp-json\/wp\/v2\/pages\/3\/revisions"}],"predecessor-version":[{"id":542,"href":"https:\/\/digi4doc.it\/wp-json\/wp\/v2\/pages\/3\/revisions\/542"}],"wp:attachment":[{"href":"https:\/\/digi4doc.it\/wp-json\/wp\/v2\/media?parent=3"}],"curies":[{"name":"wp","href":"https:\/\/api.w.org\/{rel}","templated":true}]}}